{"id":7276,"date":"2025-05-24T20:24:21","date_gmt":"2025-05-24T18:24:21","guid":{"rendered":"https:\/\/re-sky.com\/?page_id=7276"},"modified":"2025-05-24T21:18:44","modified_gmt":"2025-05-24T19:18:44","slug":"servicios-1","status":"publish","type":"page","link":"https:\/\/re-sky.com\/index.php\/servicios-1\/","title":{"rendered":""},"content":{"rendered":"\t\t<div data-elementor-type=\"wp-page\" data-elementor-id=\"7276\" class=\"elementor elementor-7276\">\n\t\t\t\t<div class=\"elementor-element elementor-element-4cc0ec2 e-flex e-con-boxed e-con e-parent\" data-id=\"4cc0ec2\" data-element_type=\"container\" data-e-type=\"container\">\n\t\t\t\t\t<div class=\"e-con-inner\">\n\t\t\t\t<div class=\"elementor-element elementor-element-1169481 elementor-widget elementor-widget-text-editor\" data-id=\"1169481\" data-element_type=\"widget\" data-e-type=\"widget\" data-widget_type=\"text-editor.default\">\n\t\t\t\t<div class=\"elementor-widget-container\">\n\t\t\t\t\t\t\t\t\t<p><span style=\"color: #000000;\"><span style=\"color: #333333;\">Para implementar con \u00e9xito una<\/span> <span style=\"color: #000080;\"><strong>Estrategia de Comunicaci\u00f3n<\/strong>,<\/span><span style=\"color: #333333;\"> se requieren habilidades efectivas de liderazgo e influencia, as\u00ed como un an\u00e1lisis exhaustivo de la situaci\u00f3n actual, el p\u00fablico objetivo, los objetivos y las estrategias.<\/span><\/span><\/p>\t\t\t\t\t\t\t\t<\/div>\n\t\t\t\t<\/div>\n\t\t\t\t\t<\/div>\n\t\t\t\t<\/div>\n\t\t<div class=\"elementor-element elementor-element-3e6047e e-flex e-con-boxed e-con e-parent\" data-id=\"3e6047e\" data-element_type=\"container\" data-e-type=\"container\">\n\t\t\t\t\t<div class=\"e-con-inner\">\n\t\t\t\t<div class=\"elementor-element elementor-element-54f7a6d elementor-widget elementor-widget-spacer\" data-id=\"54f7a6d\" data-element_type=\"widget\" data-e-type=\"widget\" data-widget_type=\"spacer.default\">\n\t\t\t\t<div class=\"elementor-widget-container\">\n\t\t\t\t\t\t\t<div class=\"elementor-spacer\">\n\t\t\t<div class=\"elementor-spacer-inner\"><\/div>\n\t\t<\/div>\n\t\t\t\t\t\t<\/div>\n\t\t\t\t<\/div>\n\t\t\t\t\t<\/div>\n\t\t\t\t<\/div>\n\t\t<div class=\"elementor-element elementor-element-f17d9f7 e-flex e-con-boxed e-con e-parent\" data-id=\"f17d9f7\" data-element_type=\"container\" data-e-type=\"container\">\n\t\t\t\t\t<div class=\"e-con-inner\">\n\t\t\t\t<div class=\"elementor-element elementor-element-b6bc49d elementor-widget elementor-widget-image\" data-id=\"b6bc49d\" data-element_type=\"widget\" data-e-type=\"widget\" data-widget_type=\"image.default\">\n\t\t\t\t<div class=\"elementor-widget-container\">\n\t\t\t\t\t\t\t\t\t\t\t\t\t\t\t<img fetchpriority=\"high\" decoding=\"async\" width=\"231\" height=\"300\" src=\"https:\/\/re-sky.com\/wp-content\/uploads\/2025\/05\/Estrategia-1-231x300.png\" class=\"attachment-medium size-medium wp-image-7273\" alt=\"\" srcset=\"https:\/\/re-sky.com\/wp-content\/uploads\/2025\/05\/Estrategia-1-231x300.png 231w, https:\/\/re-sky.com\/wp-content\/uploads\/2025\/05\/Estrategia-1.png 529w\" sizes=\"(max-width: 231px) 100vw, 231px\" \/>\t\t\t\t\t\t\t\t\t\t\t\t\t\t\t<\/div>\n\t\t\t\t<\/div>\n\t\t\t\t\t<\/div>\n\t\t\t\t<\/div>\n\t\t<div class=\"elementor-element elementor-element-f4ad85a e-flex e-con-boxed e-con e-parent\" data-id=\"f4ad85a\" data-element_type=\"container\" data-e-type=\"container\">\n\t\t\t\t\t<div class=\"e-con-inner\">\n\t\t\t\t<div class=\"elementor-element elementor-element-cdf7718 elementor-widget elementor-widget-spacer\" data-id=\"cdf7718\" data-element_type=\"widget\" data-e-type=\"widget\" data-widget_type=\"spacer.default\">\n\t\t\t\t<div class=\"elementor-widget-container\">\n\t\t\t\t\t\t\t<div class=\"elementor-spacer\">\n\t\t\t<div class=\"elementor-spacer-inner\"><\/div>\n\t\t<\/div>\n\t\t\t\t\t\t<\/div>\n\t\t\t\t<\/div>\n\t\t\t\t\t<\/div>\n\t\t\t\t<\/div>\n\t\t<div class=\"elementor-element elementor-element-291aaa2 e-flex e-con-boxed e-con e-parent\" data-id=\"291aaa2\" data-element_type=\"container\" data-e-type=\"container\">\n\t\t\t\t\t<div class=\"e-con-inner\">\n\t\t\t\t<div class=\"elementor-element elementor-element-57c5f54 elementor-widget elementor-widget-text-editor\" data-id=\"57c5f54\" data-element_type=\"widget\" data-e-type=\"widget\" data-widget_type=\"text-editor.default\">\n\t\t\t\t<div class=\"elementor-widget-container\">\n\t\t\t\t\t\t\t\t\t<p><span style=\"color: #000000;\"><span style=\"color: #333333;\">De acuerdo a las mejores pr\u00e1cticas<\/span> <strong><span style=\"color: #000080;\">(Best Practices)<\/span> <\/strong><span style=\"color: #333333;\">de los expertos y profesionales en comunicaci\u00f3n estrat\u00e9gica, una buena estrategia de comunicaci\u00f3n no puede prescindir de una s\u00f3lida estrategia de contenidos, una estrategia de sensaciones bien definida y una estrategia de influencia efectiva, todas ellas implementadas dentro de un ecosistema de redes sociales.<\/span><\/span><\/p>\t\t\t\t\t\t\t\t<\/div>\n\t\t\t\t<\/div>\n\t\t\t\t\t<\/div>\n\t\t\t\t<\/div>\n\t\t<div class=\"elementor-element elementor-element-2e88707 e-flex e-con-boxed e-con e-parent\" data-id=\"2e88707\" data-element_type=\"container\" data-e-type=\"container\">\n\t\t\t\t\t<div class=\"e-con-inner\">\n\t\t\t\t<div class=\"elementor-element elementor-element-d273c9f elementor-widget elementor-widget-spacer\" data-id=\"d273c9f\" data-element_type=\"widget\" data-e-type=\"widget\" data-widget_type=\"spacer.default\">\n\t\t\t\t<div class=\"elementor-widget-container\">\n\t\t\t\t\t\t\t<div class=\"elementor-spacer\">\n\t\t\t<div class=\"elementor-spacer-inner\"><\/div>\n\t\t<\/div>\n\t\t\t\t\t\t<\/div>\n\t\t\t\t<\/div>\n\t\t\t\t\t<\/div>\n\t\t\t\t<\/div>\n\t\t<div class=\"elementor-element elementor-element-42eaecc e-flex e-con-boxed e-con e-parent\" data-id=\"42eaecc\" data-element_type=\"container\" data-e-type=\"container\">\n\t\t\t\t\t<div class=\"e-con-inner\">\n\t\t\t\t<div class=\"elementor-element elementor-element-27870d2 elementor-widget elementor-widget-image\" data-id=\"27870d2\" data-element_type=\"widget\" data-e-type=\"widget\" data-widget_type=\"image.default\">\n\t\t\t\t<div class=\"elementor-widget-container\">\n\t\t\t\t\t\t\t\t\t\t\t\t\t\t\t<img decoding=\"async\" width=\"681\" height=\"299\" src=\"https:\/\/re-sky.com\/wp-content\/uploads\/2025\/05\/Estrategia-2.png\" class=\"attachment-large size-large wp-image-7274\" alt=\"\" srcset=\"https:\/\/re-sky.com\/wp-content\/uploads\/2025\/05\/Estrategia-2.png 681w, https:\/\/re-sky.com\/wp-content\/uploads\/2025\/05\/Estrategia-2-300x132.png 300w\" sizes=\"(max-width: 681px) 100vw, 681px\" \/>\t\t\t\t\t\t\t\t\t\t\t\t\t\t\t<\/div>\n\t\t\t\t<\/div>\n\t\t\t\t\t<\/div>\n\t\t\t\t<\/div>\n\t\t<div class=\"elementor-element elementor-element-7851927 e-flex e-con-boxed e-con e-parent\" data-id=\"7851927\" data-element_type=\"container\" data-e-type=\"container\">\n\t\t\t\t\t<div class=\"e-con-inner\">\n\t\t\t\t<div class=\"elementor-element elementor-element-b55e273 elementor-widget elementor-widget-spacer\" data-id=\"b55e273\" data-element_type=\"widget\" data-e-type=\"widget\" data-widget_type=\"spacer.default\">\n\t\t\t\t<div class=\"elementor-widget-container\">\n\t\t\t\t\t\t\t<div class=\"elementor-spacer\">\n\t\t\t<div class=\"elementor-spacer-inner\"><\/div>\n\t\t<\/div>\n\t\t\t\t\t\t<\/div>\n\t\t\t\t<\/div>\n\t\t\t\t\t<\/div>\n\t\t\t\t<\/div>\n\t\t<div class=\"elementor-element elementor-element-0bac33c e-flex e-con-boxed e-con e-parent\" data-id=\"0bac33c\" data-element_type=\"container\" data-e-type=\"container\">\n\t\t\t\t\t<div class=\"e-con-inner\">\n\t\t\t\t<div class=\"elementor-element elementor-element-8ddd05b elementor-widget elementor-widget-text-editor\" data-id=\"8ddd05b\" data-element_type=\"widget\" data-e-type=\"widget\" data-widget_type=\"text-editor.default\">\n\t\t\t\t<div class=\"elementor-widget-container\">\n\t\t\t\t\t\t\t\t\t<p><span style=\"color: #333333;\">P<span class=\"diff--UX1Av\">a<\/span>r<span class=\"diff--UX1Av\">a<\/span> <span class=\"diff--UX1Av\">l<\/span>o<span class=\"diff--UX1Av\">g<\/span>r<span class=\"diff--UX1Av\">a<\/span>r resultados efectivos, <span class=\"diff--UX1Av\">e<\/span>s <span class=\"diff--UX1Av\">fun<\/span>d<span class=\"diff--UX1Av\">am<\/span>e<span class=\"diff--UX1Av\">nt<\/span><span class=\"diff--UX1Av\">al<\/span> <span class=\"diff--UX1Av\">d<\/span>e<span class=\"diff--UX1Av\">s<\/span>ar<span class=\"diff--UX1Av\">rollar<\/span> una estrategia de comunicaci\u00f3n digital <span class=\"diff--UX1Av\">c<\/span><span class=\"diff--UX1Av\">u<\/span>i<span class=\"diff--UX1Av\">dados<\/span>a<span class=\"diff--UX1Av\">me<\/span>n<span class=\"diff--UX1Av\">te p<\/span><span class=\"diff--UX1Av\">l<\/span>a<span class=\"diff--UX1Av\">n<\/span><span class=\"diff--UX1Av\">ific<\/span>a<span class=\"diff--UX1Av\">da.<\/span> <span class=\"diff--UX1Av\">E<\/span><span class=\"diff--UX1Av\">sta<\/span> <span class=\"diff--UX1Av\">d<\/span>e<span class=\"diff--UX1Av\">b<\/span>e<span class=\"diff--UX1Av\"> i<\/span><span class=\"diff--UX1Av\">n<\/span>t<span class=\"diff--UX1Av\">egr<\/span>a<span class=\"diff--UX1Av\">rs<\/span>e de <span class=\"diff--UX1Av\">f<\/span><span class=\"diff--UX1Av\">orm<\/span>a <span class=\"diff--UX1Av\">estrat\u00e9gica con el uso de <\/span>redes sociales, blogs y <span class=\"diff--UX1Av\">e<\/span>l sitio web<span class=\"diff--UX1Av\"> de la organizaci\u00f3n<\/span>.<span class=\"diff--UX1Av\"> La coherencia entre estas plataformas es clave para maximizar el impacto y alcanzar los objetivos planteados. Adem\u00e1s, una ejecuci\u00f3n adecuada garantizar\u00e1 que el mensaje llegue de manera clara y efectiva al p\u00fablico objetivo. Cada canal debe cumplir un prop\u00f3sito espec\u00edfico dentro de la estrategia global, optimizando su potencial<\/span>.<\/span><\/p>\t\t\t\t\t\t\t\t<\/div>\n\t\t\t\t<\/div>\n\t\t\t\t\t<\/div>\n\t\t\t\t<\/div>\n\t\t<div class=\"elementor-element elementor-element-cc3b6fa e-flex e-con-boxed e-con e-parent\" data-id=\"cc3b6fa\" data-element_type=\"container\" data-e-type=\"container\">\n\t\t\t\t\t<div class=\"e-con-inner\">\n\t\t\t\t<div class=\"elementor-element elementor-element-312e24c elementor-widget elementor-widget-spacer\" data-id=\"312e24c\" data-element_type=\"widget\" data-e-type=\"widget\" data-widget_type=\"spacer.default\">\n\t\t\t\t<div class=\"elementor-widget-container\">\n\t\t\t\t\t\t\t<div class=\"elementor-spacer\">\n\t\t\t<div class=\"elementor-spacer-inner\"><\/div>\n\t\t<\/div>\n\t\t\t\t\t\t<\/div>\n\t\t\t\t<\/div>\n\t\t\t\t\t<\/div>\n\t\t\t\t<\/div>\n\t\t<div class=\"elementor-element elementor-element-61f75c8 e-flex e-con-boxed e-con e-parent\" data-id=\"61f75c8\" data-element_type=\"container\" data-e-type=\"container\">\n\t\t\t\t\t<div class=\"e-con-inner\">\n\t\t\t\t<div class=\"elementor-element elementor-element-f25cf10 elementor-widget-divider--view-line elementor-widget elementor-widget-divider\" data-id=\"f25cf10\" data-element_type=\"widget\" data-e-type=\"widget\" data-widget_type=\"divider.default\">\n\t\t\t\t<div class=\"elementor-widget-container\">\n\t\t\t\t\t\t\t<div class=\"elementor-divider\">\n\t\t\t<span class=\"elementor-divider-separator\">\n\t\t\t\t\t\t<\/span>\n\t\t<\/div>\n\t\t\t\t\t\t<\/div>\n\t\t\t\t<\/div>\n\t\t\t\t\t<\/div>\n\t\t\t\t<\/div>\n\t\t<div class=\"elementor-element elementor-element-2638fe9 e-flex e-con-boxed e-con e-parent\" data-id=\"2638fe9\" data-element_type=\"container\" data-e-type=\"container\">\n\t\t\t\t\t<div class=\"e-con-inner\">\n\t\t\t\t<div class=\"elementor-element elementor-element-50760dd elementor-widget elementor-widget-spacer\" data-id=\"50760dd\" data-element_type=\"widget\" data-e-type=\"widget\" data-widget_type=\"spacer.default\">\n\t\t\t\t<div class=\"elementor-widget-container\">\n\t\t\t\t\t\t\t<div class=\"elementor-spacer\">\n\t\t\t<div class=\"elementor-spacer-inner\"><\/div>\n\t\t<\/div>\n\t\t\t\t\t\t<\/div>\n\t\t\t\t<\/div>\n\t\t\t\t\t<\/div>\n\t\t\t\t<\/div>\n\t\t<div class=\"elementor-element elementor-element-556a525 e-flex e-con-boxed e-con e-parent\" data-id=\"556a525\" data-element_type=\"container\" data-e-type=\"container\">\n\t\t\t\t\t<div class=\"e-con-inner\">\n\t\t\t\t<div class=\"elementor-element elementor-element-09e0505 elementor-widget elementor-widget-text-editor\" data-id=\"09e0505\" data-element_type=\"widget\" data-e-type=\"widget\" data-widget_type=\"text-editor.default\">\n\t\t\t\t<div class=\"elementor-widget-container\">\n\t\t\t\t\t\t\t\t\t<p><span style=\"color: #000000;\"><strong>\u00bfConectamos?<\/strong><\/span><\/p>\t\t\t\t\t\t\t\t<\/div>\n\t\t\t\t<\/div>\n\t\t\t\t\t<\/div>\n\t\t\t\t<\/div>\n\t\t<div class=\"elementor-element elementor-element-d65680f e-flex e-con-boxed e-con e-parent\" data-id=\"d65680f\" data-element_type=\"container\" data-e-type=\"container\">\n\t\t\t\t\t<div class=\"e-con-inner\">\n\t\t\t\t<div class=\"elementor-element elementor-element-e2c6e62 elementor-widget elementor-widget-spacer\" data-id=\"e2c6e62\" data-element_type=\"widget\" data-e-type=\"widget\" data-widget_type=\"spacer.default\">\n\t\t\t\t<div class=\"elementor-widget-container\">\n\t\t\t\t\t\t\t<div class=\"elementor-spacer\">\n\t\t\t<div class=\"elementor-spacer-inner\"><\/div>\n\t\t<\/div>\n\t\t\t\t\t\t<\/div>\n\t\t\t\t<\/div>\n\t\t\t\t\t<\/div>\n\t\t\t\t<\/div>\n\t\t<div class=\"elementor-element elementor-element-c0a394c e-flex e-con-boxed e-con e-parent\" data-id=\"c0a394c\" data-element_type=\"container\" data-e-type=\"container\">\n\t\t\t\t\t<div class=\"e-con-inner\">\n\t\t\t\t<div class=\"elementor-element elementor-element-5634d3a elementor-widget elementor-widget-image\" data-id=\"5634d3a\" data-element_type=\"widget\" data-e-type=\"widget\" data-widget_type=\"image.default\">\n\t\t\t\t<div class=\"elementor-widget-container\">\n\t\t\t\t\t\t\t\t\t\t\t\t\t\t\t<img decoding=\"async\" width=\"1024\" height=\"576\" src=\"https:\/\/re-sky.com\/wp-content\/uploads\/2024\/01\/10.01-1-1024x576.png\" class=\"attachment-large size-large wp-image-6016\" alt=\"\" srcset=\"https:\/\/re-sky.com\/wp-content\/uploads\/2024\/01\/10.01-1-1024x576.png 1024w, https:\/\/re-sky.com\/wp-content\/uploads\/2024\/01\/10.01-1-300x169.png 300w, https:\/\/re-sky.com\/wp-content\/uploads\/2024\/01\/10.01-1-768x432.png 768w, https:\/\/re-sky.com\/wp-content\/uploads\/2024\/01\/10.01-1-1536x864.png 1536w, https:\/\/re-sky.com\/wp-content\/uploads\/2024\/01\/10.01-1.png 1600w\" sizes=\"(max-width: 1024px) 100vw, 1024px\" \/>\t\t\t\t\t\t\t\t\t\t\t\t\t\t\t<\/div>\n\t\t\t\t<\/div>\n\t\t\t\t\t<\/div>\n\t\t\t\t<\/div>\n\t\t\t\t<\/div>\n\t\t","protected":false},"excerpt":{"rendered":"<div class=\"entry-summary\">\nPara implementar con \u00e9xito una Estrategia de Comunicaci\u00f3n, se requieren habilidades efectivas de liderazgo e influencia, as\u00ed como un an\u00e1lisis&hellip;\n<\/div>\n<div class=\"link-more\"><a href=\"https:\/\/re-sky.com\/index.php\/servicios-1\/\" class=\"more-link\">Continuar leyendo&hellip;<\/a><\/div>\n","protected":false},"author":44,"featured_media":0,"parent":0,"menu_order":0,"comment_status":"closed","ping_status":"closed","template":"","meta":{"footnotes":""},"class_list":["post-7276","page","type-page","status-publish","hentry","entry"],"_links":{"self":[{"href":"https:\/\/re-sky.com\/index.php\/wp-json\/wp\/v2\/pages\/7276","targetHints":{"allow":["GET"]}}],"collection":[{"href":"https:\/\/re-sky.com\/index.php\/wp-json\/wp\/v2\/pages"}],"about":[{"href":"https:\/\/re-sky.com\/index.php\/wp-json\/wp\/v2\/types\/page"}],"author":[{"embeddable":true,"href":"https:\/\/re-sky.com\/index.php\/wp-json\/wp\/v2\/users\/44"}],"replies":[{"embeddable":true,"href":"https:\/\/re-sky.com\/index.php\/wp-json\/wp\/v2\/comments?post=7276"}],"version-history":[{"count":29,"href":"https:\/\/re-sky.com\/index.php\/wp-json\/wp\/v2\/pages\/7276\/revisions"}],"predecessor-version":[{"id":7352,"href":"https:\/\/re-sky.com\/index.php\/wp-json\/wp\/v2\/pages\/7276\/revisions\/7352"}],"wp:attachment":[{"href":"https:\/\/re-sky.com\/index.php\/wp-json\/wp\/v2\/media?parent=7276"}],"curies":[{"name":"wp","href":"https:\/\/api.w.org\/{rel}","templated":true}]}}