{"id":6273,"date":"2025-03-31T14:24:56","date_gmt":"2025-03-31T12:24:56","guid":{"rendered":"https:\/\/re-sky.com\/?page_id=6273"},"modified":"2025-05-24T21:14:22","modified_gmt":"2025-05-24T19:14:22","slug":"quienes-somos","status":"publish","type":"page","link":"https:\/\/re-sky.com\/index.php\/quienes-somos\/","title":{"rendered":""},"content":{"rendered":"\t\t<div data-elementor-type=\"wp-page\" data-elementor-id=\"6273\" class=\"elementor elementor-6273\">\n\t\t\t\t<div class=\"elementor-element elementor-element-d0c498b e-flex e-con-boxed e-con e-parent\" data-id=\"d0c498b\" data-element_type=\"container\" data-e-type=\"container\">\n\t\t\t\t\t<div class=\"e-con-inner\">\n\t\t\t\t<div class=\"elementor-element elementor-element-bfe82a7 elementor-widget elementor-widget-text-editor\" data-id=\"bfe82a7\" data-element_type=\"widget\" data-e-type=\"widget\" data-widget_type=\"text-editor.default\">\n\t\t\t\t<div class=\"elementor-widget-container\">\n\t\t\t\t\t\t\t\t\t<h2 style=\"text-align: center;\">\u00a0<strong><span style=\"color: #ff0000;\">\u00abTu Marca..<\/span> <span style=\"color: #000080;\">es nuestra Marca\u00bb<\/span><\/strong><\/h2>\t\t\t\t\t\t\t\t<\/div>\n\t\t\t\t<\/div>\n\t\t\t\t\t<\/div>\n\t\t\t\t<\/div>\n\t\t<div class=\"elementor-element elementor-element-4889db7 e-flex e-con-boxed e-con e-parent\" data-id=\"4889db7\" data-element_type=\"container\" data-e-type=\"container\">\n\t\t\t\t\t<div class=\"e-con-inner\">\n\t\t\t\t<div class=\"elementor-element elementor-element-55af2f7 elementor-widget elementor-widget-spacer\" data-id=\"55af2f7\" data-element_type=\"widget\" data-e-type=\"widget\" data-widget_type=\"spacer.default\">\n\t\t\t\t<div class=\"elementor-widget-container\">\n\t\t\t\t\t\t\t<div class=\"elementor-spacer\">\n\t\t\t<div class=\"elementor-spacer-inner\"><\/div>\n\t\t<\/div>\n\t\t\t\t\t\t<\/div>\n\t\t\t\t<\/div>\n\t\t\t\t\t<\/div>\n\t\t\t\t<\/div>\n\t\t<div class=\"elementor-element elementor-element-1acf4b1e e-con-full e-flex e-con e-parent\" data-id=\"1acf4b1e\" data-element_type=\"container\" data-e-type=\"container\">\n\t\t\t\t<div class=\"elementor-element elementor-element-8945b52 elementor-widget elementor-widget-image\" data-id=\"8945b52\" data-element_type=\"widget\" data-e-type=\"widget\" data-widget_type=\"image.default\">\n\t\t\t\t<div class=\"elementor-widget-container\">\n\t\t\t\t\t\t\t\t\t\t\t\t\t\t\t<img fetchpriority=\"high\" decoding=\"async\" width=\"1024\" height=\"576\" src=\"https:\/\/re-sky.com\/wp-content\/uploads\/2023\/10\/27.09-google-1-1024x576.png\" class=\"attachment-large size-large wp-image-5646\" alt=\"\" srcset=\"https:\/\/re-sky.com\/wp-content\/uploads\/2023\/10\/27.09-google-1-1024x576.png 1024w, https:\/\/re-sky.com\/wp-content\/uploads\/2023\/10\/27.09-google-1-300x169.png 300w, https:\/\/re-sky.com\/wp-content\/uploads\/2023\/10\/27.09-google-1-768x432.png 768w, https:\/\/re-sky.com\/wp-content\/uploads\/2023\/10\/27.09-google-1-1536x864.png 1536w, https:\/\/re-sky.com\/wp-content\/uploads\/2023\/10\/27.09-google-1-600x338.png 600w, https:\/\/re-sky.com\/wp-content\/uploads\/2023\/10\/27.09-google-1.png 1600w\" sizes=\"(max-width: 1024px) 100vw, 1024px\" \/>\t\t\t\t\t\t\t\t\t\t\t\t\t\t\t<\/div>\n\t\t\t\t<\/div>\n\t\t\t\t<div class=\"elementor-element elementor-element-162f65f elementor-widget-divider--view-line elementor-widget elementor-widget-divider\" data-id=\"162f65f\" data-element_type=\"widget\" data-e-type=\"widget\" data-widget_type=\"divider.default\">\n\t\t\t\t<div class=\"elementor-widget-container\">\n\t\t\t\t\t\t\t<div class=\"elementor-divider\">\n\t\t\t<span class=\"elementor-divider-separator\">\n\t\t\t\t\t\t<\/span>\n\t\t<\/div>\n\t\t\t\t\t\t<\/div>\n\t\t\t\t<\/div>\n\t\t\t\t<div class=\"elementor-element elementor-element-74c12916 elementor-widget elementor-widget-text-editor\" data-id=\"74c12916\" data-element_type=\"widget\" data-e-type=\"widget\" data-widget_type=\"text-editor.default\">\n\t\t\t\t<div class=\"elementor-widget-container\">\n\t\t\t\t\t\t\t\t\t<p><span style=\"color: #000000;\"><span style=\"background-color: var(--color_content_background); text-align: left;\"><span style=\"color: #333333;\">Somos una<\/span> <\/span><span style=\"background-color: var(--color_content_background); font-weight: bold; text-align: left; color: #3366ff;\">Empresa Digital 3i<\/span><span style=\"background-color: var(--color_content_background); text-align: left; color: #333333;\">\u00a0(Incubadora de ideas por\u00a0 Internet),<\/span><span style=\"background-color: var(--color_content_background); text-align: left;\"><span style=\"color: #333333;\"> de<\/span> <span style=\"font-weight: bold; color: #3366ff;\">Comunicaci\u00f3n independiente y divulgaci\u00f3n transversal<\/span><\/span><span style=\"background-color: var(--color_content_background); text-align: left;\">, <span style=\"color: #333333;\">con sede en\u00a0<\/span><\/span><span style=\"text-align: left; background-color: var(--color_content_background); color: #333333;\">en Espa\u00f1a y presencia en Portugal y M\u00e9xico.<\/span><\/span><\/p><p><span style=\"color: #000000;\"><strong><span style=\"color: #ff0000;\">RE<\/span><span style=\"color: #000080;\">-SKY<\/span> <\/strong><span style=\"color: #333333;\">naci\u00f3 como un<\/span> <span style=\"color: #3366ff;\"><strong>proyecto innovador<\/strong><\/span><span style=\"color: #333333;\">, con la vocaci\u00f3n de ayudar y acompa\u00f1ar a todo tipo de empresas, y a responder de forma r\u00e1pida y eficaz a las necesidades de la estrategia de comunicaci\u00f3n e<\/span> <span style=\"color: #333333;\">influencia del mercado. Conscientes de las cada vez mayores sinergias, y para mostrar todo su potencial para que llegue a sus clientes y conecte con ellos, creamos una propuesta nueva en el sector del marketing y la comunicaci\u00f3n y hoy gracias a la apuesta de nuestros clientes se ha consolidado dentro del TOP 10 de las empresas de comunicaci\u00f3n con mayor prestigio de Espa\u00f1a.<\/span><\/span><\/p><p><span style=\"color: #000000;\"><span style=\"color: #333333;\">Especializada en<\/span> <span style=\"color: #3366ff;\"><strong>Comunicaci\u00f3n, Estrategia de Marketing Digital, Influencia y Networking<\/strong><\/span>\u00a0<span style=\"color: #333333;\">para impulsar y fortalecer la reputaci\u00f3n de la marca y apoyo en la estrategia de liderazgo nacional y mundial.<\/span><\/span><\/p><p><span style=\"color: #000000;\"><span style=\"color: #333333;\">Ser\u00e1 una<\/span><span style=\"color: #3366ff;\"><strong> Relaci\u00f3n de Partnership<\/strong><\/span> <span style=\"color: #333333;\">de calidad,\u00a0que incluir\u00e1 Estrategias de Marketing para generar c\u00edrculos de Contenido e Influencia, con el objetivo de impulsar y promocionar la marca, sus productos y generar interacci\u00f3n.<\/span><\/span><\/p>\t\t\t\t\t\t\t\t<\/div>\n\t\t\t\t<\/div>\n\t\t\t\t<\/div>\n\t\t<div class=\"elementor-element elementor-element-06623f8 e-flex e-con-boxed e-con e-parent\" data-id=\"06623f8\" data-element_type=\"container\" data-e-type=\"container\">\n\t\t\t\t\t<div class=\"e-con-inner\">\n\t\t\t\t<div class=\"elementor-element elementor-element-1b9c651 elementor-widget-divider--view-line elementor-widget elementor-widget-divider\" data-id=\"1b9c651\" data-element_type=\"widget\" data-e-type=\"widget\" data-widget_type=\"divider.default\">\n\t\t\t\t<div class=\"elementor-widget-container\">\n\t\t\t\t\t\t\t<div class=\"elementor-divider\">\n\t\t\t<span class=\"elementor-divider-separator\">\n\t\t\t\t\t\t<\/span>\n\t\t<\/div>\n\t\t\t\t\t\t<\/div>\n\t\t\t\t<\/div>\n\t\t\t\t\t<\/div>\n\t\t\t\t<\/div>\n\t\t<div class=\"elementor-element elementor-element-047634f e-con-full e-flex e-con e-parent\" data-id=\"047634f\" data-element_type=\"container\" data-e-type=\"container\" data-settings=\"{&quot;background_background&quot;:&quot;gradient&quot;}\">\n\t\t\t\t<div class=\"elementor-element elementor-element-f876ee3 elementor-widget__width-inherit elementor-widget elementor-widget-link-in-bio\" data-id=\"f876ee3\" data-element_type=\"widget\" data-e-type=\"widget\" data-widget_type=\"link-in-bio.default\">\n\t\t\t\t<div class=\"elementor-widget-container\">\n\t\t\t\t\t\t\t<div class=\"e-link-in-bio e-link-in-bio\">\n\t\t\t<div class=\"e-link-in-bio__content\">\n\n\t\t\t\t\t\t<div class=\"e-link-in-bio__identity\">\n\t\t\t\t\t\t\t\t\t<div class=\"e-link-in-bio__identity-image e-link-in-bio__identity-image-cover has-border\">\n\t\t\t\t\t\t\t<img decoding=\"async\" width=\"300\" height=\"208\" src=\"https:\/\/re-sky.com\/wp-content\/uploads\/2025\/05\/5859384077185041935_121-300x208.jpg\" class=\"e-link-in-bio__identity-image-element\" alt=\"\" srcset=\"https:\/\/re-sky.com\/wp-content\/uploads\/2025\/05\/5859384077185041935_121-300x208.jpg 300w, https:\/\/re-sky.com\/wp-content\/uploads\/2025\/05\/5859384077185041935_121-1024x710.jpg 1024w, https:\/\/re-sky.com\/wp-content\/uploads\/2025\/05\/5859384077185041935_121-768x533.jpg 768w, https:\/\/re-sky.com\/wp-content\/uploads\/2025\/05\/5859384077185041935_121.jpg 1280w\" sizes=\"(max-width: 300px) 100vw, 300px\" \/>\t\t\t\t\t\t\t\t\t\t\t\t\t<\/div>\n\t\t\t\t\t\t\t<\/div>\n\t\t\t\t\t<div class=\"e-link-in-bio__bio\">\n\t\t\t\t\t\t\t\t<h3 class=\"e-link-in-bio__title\">Donde la Comunicaci\u00f3n se convierte en Influencia.<\/h3>\t\t\t\t\t\t\t\t<p class=\"e-link-in-bio__description\"> Comunicaci\u00f3n - Liderazgo  Influencia - Marca<\/p>\t\t\t<\/div>\n\t\t\t\t\t<div class=\"e-link-in-bio__icons has-size-medium\">\n\t\t\t\t\t\t\t<div class=\"e-link-in-bio__icon is-size-medium\">\n\t\t\t\t\t<a href=\"https:\/\/www.linkedin.com\/company\/madrid-real-estates-worldwide-leadership\/?viewAsMember=true\" target=\"_blank\" rel=\"noopener \" aria-label=\"LinkedIn\" class=\"e-link-in-bio__icon-link\">\n\t\t\t\t\t\t<span class=\"e-link-in-bio__icon-svg\">\n\t\t\t\t\t\t\t<svg aria-hidden=\"true\" class=\"e-font-icon-svg e-fab-linkedin-in\" viewBox=\"0 0 448 512\" xmlns=\"http:\/\/www.w3.org\/2000\/svg\"><path d=\"M100.28 448H7.4V148.9h92.88zM53.79 108.1C24.09 108.1 0 83.5 0 53.8a53.79 53.79 0 0 1 107.58 0c0 29.7-24.1 54.3-53.79 54.3zM447.9 448h-92.68V302.4c0-34.7-.7-79.2-48.29-79.2-48.29 0-55.69 37.7-55.69 76.7V448h-92.78V148.9h89.08v40.8h1.3c12.4-23.5 42.69-48.3 87.88-48.3 94 0 111.28 61.9 111.28 142.3V448z\"><\/path><\/svg>\t\t\t\t\t\t<\/span>\n\t\t\t\t\t\t\t\t\t\t\t<\/a>\n\t\t\t\t<\/div>\n\t\t\t\t\t\t\t<div class=\"e-link-in-bio__icon is-size-medium\">\n\t\t\t\t\t<a href=\"https:\/\/www.instagram.com\/resky_int\/\" target=\"_blank\" rel=\"noopener \" aria-label=\"Instagram\" class=\"e-link-in-bio__icon-link\">\n\t\t\t\t\t\t<span class=\"e-link-in-bio__icon-svg\">\n\t\t\t\t\t\t\t<svg aria-hidden=\"true\" class=\"e-font-icon-svg e-fab-instagram\" viewBox=\"0 0 448 512\" xmlns=\"http:\/\/www.w3.org\/2000\/svg\"><path d=\"M224.1 141c-63.6 0-114.9 51.3-114.9 114.9s51.3 114.9 114.9 114.9S339 319.5 339 255.9 287.7 141 224.1 141zm0 189.6c-41.1 0-74.7-33.5-74.7-74.7s33.5-74.7 74.7-74.7 74.7 33.5 74.7 74.7-33.6 74.7-74.7 74.7zm146.4-194.3c0 14.9-12 26.8-26.8 26.8-14.9 0-26.8-12-26.8-26.8s12-26.8 26.8-26.8 26.8 12 26.8 26.8zm76.1 27.2c-1.7-35.9-9.9-67.7-36.2-93.9-26.2-26.2-58-34.4-93.9-36.2-37-2.1-147.9-2.1-184.9 0-35.8 1.7-67.6 9.9-93.9 36.1s-34.4 58-36.2 93.9c-2.1 37-2.1 147.9 0 184.9 1.7 35.9 9.9 67.7 36.2 93.9s58 34.4 93.9 36.2c37 2.1 147.9 2.1 184.9 0 35.9-1.7 67.7-9.9 93.9-36.2 26.2-26.2 34.4-58 36.2-93.9 2.1-37 2.1-147.8 0-184.8zM398.8 388c-7.8 19.6-22.9 34.7-42.6 42.6-29.5 11.7-99.5 9-132.1 9s-102.7 2.6-132.1-9c-19.6-7.8-34.7-22.9-42.6-42.6-11.7-29.5-9-99.5-9-132.1s-2.6-102.7 9-132.1c7.8-19.6 22.9-34.7 42.6-42.6 29.5-11.7 99.5-9 132.1-9s102.7-2.6 132.1 9c19.6 7.8 34.7 22.9 42.6 42.6 11.7 29.5 9 99.5 9 132.1s2.7 102.7-9 132.1z\"><\/path><\/svg>\t\t\t\t\t\t<\/span>\n\t\t\t\t\t\t\t\t\t\t\t<\/a>\n\t\t\t\t<\/div>\n\t\t\t\t\t\t\t<div class=\"e-link-in-bio__icon is-size-medium\">\n\t\t\t\t\t<a href=\"https:\/\/www.youtube.com\/@re-sky9381\" target=\"_blank\" rel=\"noopener \" aria-label=\"YouTube\" class=\"e-link-in-bio__icon-link\">\n\t\t\t\t\t\t<span class=\"e-link-in-bio__icon-svg\">\n\t\t\t\t\t\t\t<svg aria-hidden=\"true\" class=\"e-font-icon-svg e-fab-youtube\" viewBox=\"0 0 576 512\" xmlns=\"http:\/\/www.w3.org\/2000\/svg\"><path d=\"M549.655 124.083c-6.281-23.65-24.787-42.276-48.284-48.597C458.781 64 288 64 288 64S117.22 64 74.629 75.486c-23.497 6.322-42.003 24.947-48.284 48.597-11.412 42.867-11.412 132.305-11.412 132.305s0 89.438 11.412 132.305c6.281 23.65 24.787 41.5 48.284 47.821C117.22 448 288 448 288 448s170.78 0 213.371-11.486c23.497-6.321 42.003-24.171 48.284-47.821 11.412-42.867 11.412-132.305 11.412-132.305s0-89.438-11.412-132.305zm-317.51 213.508V175.185l142.739 81.205-142.739 81.201z\"><\/path><\/svg>\t\t\t\t\t\t<\/span>\n\t\t\t\t\t\t\t\t\t\t\t<\/a>\n\t\t\t\t<\/div>\n\t\t\t\t\t\t\t<div class=\"e-link-in-bio__icon is-size-medium\">\n\t\t\t\t\t<a href=\"https:\/\/www.facebook.com\/RESKY2022\" target=\"_blank\" rel=\"noopener \" aria-label=\"Facebook\" class=\"e-link-in-bio__icon-link\">\n\t\t\t\t\t\t<span class=\"e-link-in-bio__icon-svg\">\n\t\t\t\t\t\t\t<svg aria-hidden=\"true\" class=\"e-font-icon-svg e-fab-facebook\" viewBox=\"0 0 512 512\" xmlns=\"http:\/\/www.w3.org\/2000\/svg\"><path d=\"M504 256C504 119 393 8 256 8S8 119 8 256c0 123.78 90.69 226.38 209.25 245V327.69h-63V256h63v-54.64c0-62.15 37-96.48 93.67-96.48 27.14 0 55.52 4.84 55.52 4.84v61h-31.28c-30.8 0-40.41 19.12-40.41 38.73V256h68.78l-11 71.69h-57.78V501C413.31 482.38 504 379.78 504 256z\"><\/path><\/svg>\t\t\t\t\t\t<\/span>\n\t\t\t\t\t\t\t\t\t\t\t<\/a>\n\t\t\t\t<\/div>\n\t\t\t\t\t\t\t<div class=\"e-link-in-bio__icon is-size-medium\">\n\t\t\t\t\t<a href=\"https:\/\/x.com\/RESKY_2022?t=hMdW_chD5PtkFzEBiNF-w&#038;s=08\" target=\"_blank\" rel=\"noopener \" aria-label=\"X (Twitter)\" class=\"e-link-in-bio__icon-link\">\n\t\t\t\t\t\t<span class=\"e-link-in-bio__icon-svg\">\n\t\t\t\t\t\t\t<svg aria-hidden=\"true\" class=\"e-font-icon-svg e-fab-x-twitter\" viewBox=\"0 0 512 512\" xmlns=\"http:\/\/www.w3.org\/2000\/svg\"><path d=\"M389.2 48h70.6L305.6 224.2 487 464H345L233.7 318.6 106.5 464H35.8L200.7 275.5 26.8 48H172.4L272.9 180.9 389.2 48zM364.4 421.8h39.1L151.1 88h-42L364.4 421.8z\"><\/path><\/svg>\t\t\t\t\t\t<\/span>\n\t\t\t\t\t\t\t\t\t\t\t<\/a>\n\t\t\t\t<\/div>\n\t\t\t\t\t<\/div>\n\t\t\n\t\t<div class=\"e-link-in-bio__ctas has-type-button\">\n\t\t\t\t\t\t\t<a href=\"https:\/\/re-sky.com\/index.php\/conocenos\/\" target=\"_blank\" rel=\"noopener \" class=\"e-link-in-bio__cta is-type-button has-corners-rounded\">\n\t\t\t\t\t\t\t\t\t\t<span class=\"e-link-in-bio__cta-text\">\n\t\t\t\t\t\t5 Razones para Elegirnos\t\t\t\t\t<\/span>\n\t\t\t\t<\/a>\n\t\t\t\t\t\t\t<a href=\"https:\/\/re-sky.com\/index.php\/servicios\/\" target=\"_blank\" rel=\"noopener \" class=\"e-link-in-bio__cta is-type-button has-corners-rounded\">\n\t\t\t\t\t\t\t\t\t\t<span class=\"e-link-in-bio__cta-text\">\n\t\t\t\t\t\tServicios RE-SKY\t\t\t\t\t<\/span>\n\t\t\t\t<\/a>\n\t\t\t\t\t\t\t<a href=\"https:\/\/re-sky.com\/index.php\/estrategia\/\" target=\"_blank\" rel=\"noopener \" class=\"e-link-in-bio__cta is-type-button has-corners-rounded\">\n\t\t\t\t\t\t\t\t\t\t<span class=\"e-link-in-bio__cta-text\">\n\t\t\t\t\t\tEstrategia RE-SKY\t\t\t\t\t<\/span>\n\t\t\t\t<\/a>\n\t\t\t\t\t\t\t<a href=\"https:\/\/re-sky.com\/index.php\/redes-sociales-2\/\" target=\"_blank\" rel=\"noopener \" class=\"e-link-in-bio__cta is-type-button has-corners-rounded\">\n\t\t\t\t\t\t\t\t\t\t<span class=\"e-link-in-bio__cta-text\">\n\t\t\t\t\t\tNuestras Redes Sociales\t\t\t\t\t<\/span>\n\t\t\t\t<\/a>\n\t\t\t\t\t\t\t<a href=\"https:\/\/re-sky.com\/index.php\/contacto\/\" target=\"_blank\" rel=\"noopener \" class=\"e-link-in-bio__cta is-type-button has-corners-rounded\">\n\t\t\t\t\t\t\t\t\t\t<span class=\"e-link-in-bio__cta-text\">\n\t\t\t\t\t\tCont\u00e1ctanos\t\t\t\t\t<\/span>\n\t\t\t\t<\/a>\n\t\t\t\t\t<\/div>\n\t\t\n\t\t\t<\/div>\n\t\t\t<div class=\"e-link-in-bio__bg\">\n\t\t\t\t<div class=\"e-link-in-bio__bg-overlay\"><\/div>\n\t\t\t<\/div>\n\t\t<\/div>\n\t\t\t\t\t\t<\/div>\n\t\t\t\t<\/div>\n\t\t\t\t<\/div>\n\t\t<div class=\"elementor-element elementor-element-19784cd e-flex e-con-boxed e-con e-parent\" data-id=\"19784cd\" data-element_type=\"container\" data-e-type=\"container\">\n\t\t\t\t\t<div class=\"e-con-inner\">\n\t\t\t\t<div class=\"elementor-element elementor-element-2cd3e2b elementor-widget-divider--view-line elementor-widget elementor-widget-divider\" data-id=\"2cd3e2b\" data-element_type=\"widget\" data-e-type=\"widget\" data-widget_type=\"divider.default\">\n\t\t\t\t<div class=\"elementor-widget-container\">\n\t\t\t\t\t\t\t<div class=\"elementor-divider\">\n\t\t\t<span class=\"elementor-divider-separator\">\n\t\t\t\t\t\t<\/span>\n\t\t<\/div>\n\t\t\t\t\t\t<\/div>\n\t\t\t\t<\/div>\n\t\t\t\t\t<\/div>\n\t\t\t\t<\/div>\n\t\t<div class=\"elementor-element elementor-element-18fa18c e-flex e-con-boxed e-con e-parent\" data-id=\"18fa18c\" data-element_type=\"container\" data-e-type=\"container\">\n\t\t\t\t\t<div class=\"e-con-inner\">\n\t\t\t\t<div class=\"elementor-element elementor-element-cf6dd50 elementor-widget elementor-widget-image\" data-id=\"cf6dd50\" data-element_type=\"widget\" data-e-type=\"widget\" data-widget_type=\"image.default\">\n\t\t\t\t<div class=\"elementor-widget-container\">\n\t\t\t\t\t\t\t\t\t\t\t\t\t\t\t<img decoding=\"async\" width=\"1024\" height=\"576\" src=\"https:\/\/re-sky.com\/wp-content\/uploads\/2023\/11\/09.11-ninos-maravillosos-1024x576.png\" class=\"attachment-large size-large wp-image-5844\" alt=\"\" srcset=\"https:\/\/re-sky.com\/wp-content\/uploads\/2023\/11\/09.11-ninos-maravillosos-1024x576.png 1024w, https:\/\/re-sky.com\/wp-content\/uploads\/2023\/11\/09.11-ninos-maravillosos-300x169.png 300w, https:\/\/re-sky.com\/wp-content\/uploads\/2023\/11\/09.11-ninos-maravillosos-768x432.png 768w, https:\/\/re-sky.com\/wp-content\/uploads\/2023\/11\/09.11-ninos-maravillosos-1536x864.png 1536w, https:\/\/re-sky.com\/wp-content\/uploads\/2023\/11\/09.11-ninos-maravillosos.png 1600w\" sizes=\"(max-width: 1024px) 100vw, 1024px\" \/>\t\t\t\t\t\t\t\t\t\t\t\t\t\t\t<\/div>\n\t\t\t\t<\/div>\n\t\t\t\t\t<\/div>\n\t\t\t\t<\/div>\n\t\t\t\t<\/div>\n\t\t","protected":false},"excerpt":{"rendered":"<div class=\"entry-summary\">\n\u00a0\u00abTu Marca.. es nuestra Marca\u00bb Somos una Empresa Digital 3i\u00a0(Incubadora de ideas por\u00a0 Internet), de Comunicaci\u00f3n independiente y divulgaci\u00f3n transversal,&hellip;\n<\/div>\n<div class=\"link-more\"><a href=\"https:\/\/re-sky.com\/index.php\/quienes-somos\/\" class=\"more-link\">Continuar leyendo&hellip;<\/a><\/div>\n","protected":false},"author":44,"featured_media":0,"parent":0,"menu_order":0,"comment_status":"closed","ping_status":"closed","template":"","meta":{"footnotes":""},"class_list":["post-6273","page","type-page","status-publish","hentry","entry"],"_links":{"self":[{"href":"https:\/\/re-sky.com\/index.php\/wp-json\/wp\/v2\/pages\/6273","targetHints":{"allow":["GET"]}}],"collection":[{"href":"https:\/\/re-sky.com\/index.php\/wp-json\/wp\/v2\/pages"}],"about":[{"href":"https:\/\/re-sky.com\/index.php\/wp-json\/wp\/v2\/types\/page"}],"author":[{"embeddable":true,"href":"https:\/\/re-sky.com\/index.php\/wp-json\/wp\/v2\/users\/44"}],"replies":[{"embeddable":true,"href":"https:\/\/re-sky.com\/index.php\/wp-json\/wp\/v2\/comments?post=6273"}],"version-history":[{"count":67,"href":"https:\/\/re-sky.com\/index.php\/wp-json\/wp\/v2\/pages\/6273\/revisions"}],"predecessor-version":[{"id":7343,"href":"https:\/\/re-sky.com\/index.php\/wp-json\/wp\/v2\/pages\/6273\/revisions\/7343"}],"wp:attachment":[{"href":"https:\/\/re-sky.com\/index.php\/wp-json\/wp\/v2\/media?parent=6273"}],"curies":[{"name":"wp","href":"https:\/\/api.w.org\/{rel}","templated":true}]}}