{"id":2759,"date":"2023-10-27T02:02:55","date_gmt":"2023-10-27T00:02:55","guid":{"rendered":"http:\/\/madridrealestatesworldwideleadership.com\/?page_id=2759"},"modified":"2025-05-24T21:16:58","modified_gmt":"2025-05-24T19:16:58","slug":"__trashed","status":"publish","type":"page","link":"https:\/\/re-sky.com\/index.php\/__trashed\/","title":{"rendered":""},"content":{"rendered":"\t\t<div data-elementor-type=\"wp-page\" data-elementor-id=\"2759\" class=\"elementor elementor-2759\">\n\t\t\t\t<div class=\"elementor-element elementor-element-43d96ac e-con-full e-flex e-con e-parent\" data-id=\"43d96ac\" data-element_type=\"container\" data-e-type=\"container\">\n\t\t\t\t<div class=\"elementor-element elementor-element-9df0527 elementor-widget elementor-widget-text-editor\" data-id=\"9df0527\" data-element_type=\"widget\" data-e-type=\"widget\" data-widget_type=\"text-editor.default\">\n\t\t\t\t<div class=\"elementor-widget-container\">\n\t\t\t\t\t\t\t\t\t<h2 style=\"text-align: center;\"><strong><span style=\"color: #ff0000;\">\u00abUn deseo no cambia nada..<\/span> <span style=\"color: #000080;\">una decisi\u00f3n lo cambia todo\u00bb<\/span><\/strong><\/h2>\t\t\t\t\t\t\t\t<\/div>\n\t\t\t\t<\/div>\n\t\t\t\t<\/div>\n\t\t<div class=\"elementor-element elementor-element-b4a4493 e-flex e-con-boxed e-con e-parent\" data-id=\"b4a4493\" data-element_type=\"container\" data-e-type=\"container\">\n\t\t\t\t\t<div class=\"e-con-inner\">\n\t\t\t\t<div class=\"elementor-element elementor-element-652e3fb elementor-widget elementor-widget-spacer\" data-id=\"652e3fb\" data-element_type=\"widget\" data-e-type=\"widget\" data-widget_type=\"spacer.default\">\n\t\t\t\t<div class=\"elementor-widget-container\">\n\t\t\t\t\t\t\t<div class=\"elementor-spacer\">\n\t\t\t<div class=\"elementor-spacer-inner\"><\/div>\n\t\t<\/div>\n\t\t\t\t\t\t<\/div>\n\t\t\t\t<\/div>\n\t\t\t\t\t<\/div>\n\t\t\t\t<\/div>\n\t\t<div class=\"elementor-element elementor-element-5134bd7 e-flex e-con-boxed e-con e-parent\" data-id=\"5134bd7\" data-element_type=\"container\" data-e-type=\"container\">\n\t\t\t\t\t<div class=\"e-con-inner\">\n\t\t\t\t<div class=\"elementor-element elementor-element-150dcf1 elementor-widget elementor-widget-video\" data-id=\"150dcf1\" data-element_type=\"widget\" data-e-type=\"widget\" data-settings=\"{&quot;youtube_url&quot;:&quot;https:\\\/\\\/youtu.be\\\/Ij2vTroSENk&quot;,&quot;video_type&quot;:&quot;youtube&quot;,&quot;controls&quot;:&quot;yes&quot;}\" data-widget_type=\"video.default\">\n\t\t\t\t<div class=\"elementor-widget-container\">\n\t\t\t\t\t\t\t<div class=\"elementor-wrapper elementor-open-inline\">\n\t\t\t<div class=\"elementor-video\"><\/div>\t\t<\/div>\n\t\t\t\t\t\t<\/div>\n\t\t\t\t<\/div>\n\t\t\t\t\t<\/div>\n\t\t\t\t<\/div>\n\t\t<div class=\"elementor-element elementor-element-dabbe62 e-flex e-con-boxed e-con e-parent\" data-id=\"dabbe62\" data-element_type=\"container\" data-e-type=\"container\">\n\t\t\t\t\t<div class=\"e-con-inner\">\n\t\t\t\t<div class=\"elementor-element elementor-element-31d6f94 elementor-widget elementor-widget-spacer\" data-id=\"31d6f94\" data-element_type=\"widget\" data-e-type=\"widget\" data-widget_type=\"spacer.default\">\n\t\t\t\t<div class=\"elementor-widget-container\">\n\t\t\t\t\t\t\t<div class=\"elementor-spacer\">\n\t\t\t<div class=\"elementor-spacer-inner\"><\/div>\n\t\t<\/div>\n\t\t\t\t\t\t<\/div>\n\t\t\t\t<\/div>\n\t\t\t\t\t<\/div>\n\t\t\t\t<\/div>\n\t\t<div class=\"elementor-element elementor-element-0ba406c e-flex e-con-boxed e-con e-parent\" data-id=\"0ba406c\" data-element_type=\"container\" data-e-type=\"container\">\n\t\t\t\t\t<div class=\"e-con-inner\">\n\t\t\t\t<div class=\"elementor-element elementor-element-5169448 elementor-widget-divider--view-line elementor-widget elementor-widget-divider\" data-id=\"5169448\" data-element_type=\"widget\" data-e-type=\"widget\" data-widget_type=\"divider.default\">\n\t\t\t\t<div class=\"elementor-widget-container\">\n\t\t\t\t\t\t\t<div class=\"elementor-divider\">\n\t\t\t<span class=\"elementor-divider-separator\">\n\t\t\t\t\t\t<\/span>\n\t\t<\/div>\n\t\t\t\t\t\t<\/div>\n\t\t\t\t<\/div>\n\t\t\t\t\t<\/div>\n\t\t\t\t<\/div>\n\t\t<div class=\"elementor-element elementor-element-9c97d2f e-flex e-con-boxed e-con e-parent\" data-id=\"9c97d2f\" data-element_type=\"container\" data-e-type=\"container\">\n\t\t\t\t\t<div class=\"e-con-inner\">\n\t\t\t\t<div class=\"elementor-element elementor-element-68c8f5b elementor-widget elementor-widget-spacer\" data-id=\"68c8f5b\" data-element_type=\"widget\" data-e-type=\"widget\" data-widget_type=\"spacer.default\">\n\t\t\t\t<div class=\"elementor-widget-container\">\n\t\t\t\t\t\t\t<div class=\"elementor-spacer\">\n\t\t\t<div class=\"elementor-spacer-inner\"><\/div>\n\t\t<\/div>\n\t\t\t\t\t\t<\/div>\n\t\t\t\t<\/div>\n\t\t\t\t\t<\/div>\n\t\t\t\t<\/div>\n\t\t<div class=\"elementor-element elementor-element-2933e590 e-con-full e-flex e-con e-parent\" data-id=\"2933e590\" data-element_type=\"container\" data-e-type=\"container\">\n\t\t\t\t<div class=\"elementor-element elementor-element-166b7e1b elementor-widget-mobile__width-initial elementor-widget elementor-widget-text-editor\" data-id=\"166b7e1b\" data-element_type=\"widget\" data-e-type=\"widget\" data-widget_type=\"text-editor.default\">\n\t\t\t\t<div class=\"elementor-widget-container\">\n\t\t\t\t\t\t\t\t\t<div class=\"wp-block-cover alignfull has-parallax coblocks-animate\" data-coblocks-animation=\"fadeIn\"><div role=\"img\"><span style=\"color: #333333; background-color: var(--color_content_background); font-family: var(--typography_fonts_text);\">Los <strong><span style=\"color: #3366ff;\">\u00abPuntos de Dolor\u00bb<\/span><\/strong> de las empresas son:<\/span><\/div><div role=\"img\">\u00a0<\/div><div role=\"img\"><div role=\"img\"><ul><li><span style=\"color: #3366ff;\"><strong style=\"word-spacing: 0.1em; font-family: var(--typography_fonts_text); background-color: var(--color_content_background);\">46%<\/strong><\/span><span style=\"color: #333333;\"><span style=\"word-spacing: 0.1em; font-family: var(--typography_fonts_text); background-color: var(--color_content_background);\"> de las empresas <\/span><strong><span style=\"word-spacing: 0.1em; background-color: var(--color_content_background);\">\u00abNO Monitorizan la presencia de su Marca en Internet\u00bb\u00a0<\/span><\/strong><\/span><\/li><\/ul><p class=\"weight-400\"><span style=\"color: #333333;\">Evaluar todos los impactos que generamos en internet nos servir\u00e1 como term\u00f3metro de gesti\u00f3n para tomar decisiones estrat\u00e9gicas basadas en datos.<\/span><\/p><ul><li><span style=\"color: #3366ff;\"><strong style=\"word-spacing: 0.1em; font-family: var(--typography_fonts_text); background-color: var(--color_content_background);\">22%<\/strong><\/span><span style=\"color: #333333;\"><span style=\"word-spacing: 0.1em; font-family: var(--typography_fonts_text); background-color: var(--color_content_background);\"> de las empresas <\/span><strong><span style=\"word-spacing: 0.1em; background-color: var(--color_content_background);\">\u00abNO trabajan estrategias de Influencia\u00bb<\/span><\/strong><\/span><\/li><\/ul><p class=\"weight-400\" style=\"color: #ffffff;\"><span style=\"color: #333333;\">Acceder a eventos de inter\u00e9s y contactar con personas influyentes incrementar\u00e1 el Networking, contacto y visibilidad de vuestra marca.<\/span><\/p><ul><li><span style=\"color: #3366ff;\"><strong style=\"word-spacing: 0.1em; font-family: var(--typography_fonts_text); background-color: var(--color_content_background);\">54%<\/strong><\/span><span style=\"color: #333333;\"><span style=\"word-spacing: 0.1em; font-family: var(--typography_fonts_text); background-color: var(--color_content_background);\"> de las empresas <\/span><strong><span style=\"word-spacing: 0.1em; background-color: var(--color_content_background);\">\u00abNO mantienen sus Webs ni Crean e Identifican los contenidos m\u00e1s relevantes en su sector\u00bb.<\/span><\/strong><\/span><\/li><\/ul><p class=\"weight-400\" style=\"margin-bottom: 0px; color: #ffffff;\"><span style=\"color: #333333;\"><strong><span style=\"word-spacing: 0.1em; background-color: var(--color_content_background);\">\u00a0<\/span><\/strong><\/span><span style=\"background-color: var(--color_content_background); color: #333333; font-family: var(--typography_fonts_text);\">Mantener y actualizar tu Web, as\u00ed como crear una estrategia de contenidos propios potenciar\u00e1 la reputaci\u00f3n de la marca e incentivar\u00e1 la interacci\u00f3n con nuevos cliente.<\/span><\/p><p class=\"weight-400\" style=\"margin-bottom: 0px; color: #ffffff;\"><span style=\"background-color: var(--color_content_background); color: #000080; font-family: var(--typography_fonts_text);\">\u00a0<\/span><\/p><\/div><div role=\"img\"><ul><li class=\"weight-400\"><span style=\"background-color: var(--color_content_background); color: #000080; font-family: var(--typography_fonts_text);\"><span style=\"color: #3366ff;\"><strong>49%<\/strong><\/span> <span style=\"color: #333333;\">de las empresas <strong>\u00abNo gestionan profesionalmente sus Redes Sociales\u00bb.<\/strong><\/span><\/span><\/li><\/ul><p><span style=\"color: #333333; background-color: var(--color_content_background); font-family: var(--typography_fonts_text);\">Tener presencia en las redes sociales es una estrategia muy efectiva para hacer crecer el negocio, la reputaci\u00f3n de marca y la influencia.<\/span><\/p><\/div><\/div><\/div><p><!-- \/wp:spacer --><\/p>\t\t\t\t\t\t\t\t<\/div>\n\t\t\t\t<\/div>\n\t\t\t\t<\/div>\n\t\t<div class=\"elementor-element elementor-element-d3086b4 e-flex e-con-boxed e-con e-parent\" data-id=\"d3086b4\" data-element_type=\"container\" data-e-type=\"container\">\n\t\t\t\t\t<div class=\"e-con-inner\">\n\t\t\t\t<div class=\"elementor-element elementor-element-54355a7 elementor-widget-divider--view-line elementor-widget elementor-widget-divider\" data-id=\"54355a7\" data-element_type=\"widget\" data-e-type=\"widget\" data-widget_type=\"divider.default\">\n\t\t\t\t<div class=\"elementor-widget-container\">\n\t\t\t\t\t\t\t<div class=\"elementor-divider\">\n\t\t\t<span class=\"elementor-divider-separator\">\n\t\t\t\t\t\t<\/span>\n\t\t<\/div>\n\t\t\t\t\t\t<\/div>\n\t\t\t\t<\/div>\n\t\t\t\t<div class=\"elementor-element elementor-element-81cccdd elementor-widget elementor-widget-image\" data-id=\"81cccdd\" data-element_type=\"widget\" data-e-type=\"widget\" data-widget_type=\"image.default\">\n\t\t\t\t<div class=\"elementor-widget-container\">\n\t\t\t\t\t\t\t\t\t\t\t\t\t\t\t<img fetchpriority=\"high\" decoding=\"async\" width=\"1024\" height=\"1024\" src=\"https:\/\/re-sky.com\/wp-content\/uploads\/2025\/05\/Designer.jpeg\" class=\"attachment-large size-large wp-image-7055\" alt=\"\" srcset=\"https:\/\/re-sky.com\/wp-content\/uploads\/2025\/05\/Designer.jpeg 1024w, https:\/\/re-sky.com\/wp-content\/uploads\/2025\/05\/Designer-300x300.jpeg 300w, https:\/\/re-sky.com\/wp-content\/uploads\/2025\/05\/Designer-150x150.jpeg 150w, https:\/\/re-sky.com\/wp-content\/uploads\/2025\/05\/Designer-768x768.jpeg 768w\" sizes=\"(max-width: 1024px) 100vw, 1024px\" \/>\t\t\t\t\t\t\t\t\t\t\t\t\t\t\t<\/div>\n\t\t\t\t<\/div>\n\t\t\t\t\t<\/div>\n\t\t\t\t<\/div>\n\t\t<div class=\"elementor-element elementor-element-38a8703 e-flex e-con-boxed e-con e-parent\" data-id=\"38a8703\" data-element_type=\"container\" data-e-type=\"container\">\n\t\t\t\t\t<div class=\"e-con-inner\">\n\t\t\t\t\t<\/div>\n\t\t\t\t<\/div>\n\t\t\t\t<\/div>\n\t\t","protected":false},"excerpt":{"rendered":"<div class=\"entry-summary\">\n\u00abUn deseo no cambia nada.. una decisi\u00f3n lo cambia todo\u00bb Los \u00abPuntos de Dolor\u00bb de las empresas son:\u00a0 46% de&hellip;\n<\/div>\n<div class=\"link-more\"><a href=\"https:\/\/re-sky.com\/index.php\/__trashed\/\" class=\"more-link\">Continuar leyendo&hellip;<\/a><\/div>\n","protected":false},"author":43,"featured_media":0,"parent":0,"menu_order":0,"comment_status":"closed","ping_status":"closed","template":"","meta":{"footnotes":""},"class_list":["post-2759","page","type-page","status-publish","hentry","entry"],"_links":{"self":[{"href":"https:\/\/re-sky.com\/index.php\/wp-json\/wp\/v2\/pages\/2759","targetHints":{"allow":["GET"]}}],"collection":[{"href":"https:\/\/re-sky.com\/index.php\/wp-json\/wp\/v2\/pages"}],"about":[{"href":"https:\/\/re-sky.com\/index.php\/wp-json\/wp\/v2\/types\/page"}],"author":[{"embeddable":true,"href":"https:\/\/re-sky.com\/index.php\/wp-json\/wp\/v2\/users\/43"}],"replies":[{"embeddable":true,"href":"https:\/\/re-sky.com\/index.php\/wp-json\/wp\/v2\/comments?post=2759"}],"version-history":[{"count":47,"href":"https:\/\/re-sky.com\/index.php\/wp-json\/wp\/v2\/pages\/2759\/revisions"}],"predecessor-version":[{"id":7349,"href":"https:\/\/re-sky.com\/index.php\/wp-json\/wp\/v2\/pages\/2759\/revisions\/7349"}],"wp:attachment":[{"href":"https:\/\/re-sky.com\/index.php\/wp-json\/wp\/v2\/media?parent=2759"}],"curies":[{"name":"wp","href":"https:\/\/api.w.org\/{rel}","templated":true}]}}